{"id":1503,"date":"2025-09-11T10:00:34","date_gmt":"2025-09-11T14:00:34","guid":{"rendered":"https:\/\/www.itic.cl\/wp\/?post_type=product&#038;p=1503"},"modified":"2025-09-11T10:00:34","modified_gmt":"2025-09-11T14:00:34","slug":"pago-luis-felipe-bravo","status":"publish","type":"product","link":"https:\/\/www.itic.cl\/wp\/producto\/pago-luis-felipe-bravo\/","title":{"rendered":"Pago Luis Felipe Bravo"},"content":{"rendered":"<p>Pago Luis Felipe Bravo<\/p>\n","protected":false},"excerpt":{"rendered":"<p>Pago Luis Felipe Bravo<\/p>\n","protected":false},"featured_media":0,"comment_status":"open","ping_status":"closed","template":"","meta":[],"product_brand":[],"product_cat":[27],"product_tag":[],"class_list":{"0":"post-1503","1":"product","2":"type-product","3":"status-publish","5":"product_cat-sin-categorizar","7":"first","8":"instock","9":"shipping-taxable","10":"purchasable","11":"product-type-simple"},"yoast_head":"<!-- This site is optimized with the Yoast SEO plugin v27.5 - https:\/\/yoast.com\/product\/yoast-seo-wordpress\/ -->\n<title>Pago Luis Felipe Bravo - Ingenieria en Tecnolog\u00edas de la informaci\u00f3n y Comunicac\u00f3n (ITIC)<\/title>\n<meta name=\"robots\" content=\"index, follow, max-snippet:-1, max-image-preview:large, max-video-preview:-1\" \/>\n<link rel=\"canonical\" href=\"https:\/\/www.itic.cl\/wp\/producto\/pago-luis-felipe-bravo\/\" \/>\n<meta property=\"og:locale\" content=\"es_ES\" \/>\n<meta property=\"og:type\" content=\"article\" \/>\n<meta property=\"og:title\" content=\"Pago Luis Felipe Bravo - Ingenieria en Tecnolog\u00edas de la informaci\u00f3n y Comunicac\u00f3n (ITIC)\" \/>\n<meta property=\"og:description\" content=\"Pago Luis Felipe Bravo\" \/>\n<meta property=\"og:url\" content=\"https:\/\/www.itic.cl\/wp\/producto\/pago-luis-felipe-bravo\/\" \/>\n<meta property=\"og:site_name\" content=\"Ingenieria en Tecnolog\u00edas de la informaci\u00f3n y Comunicac\u00f3n (ITIC)\" \/>\n<meta property=\"article:publisher\" content=\"https:\/\/www.facebook.com\/profile.php?id=100012281857379\" \/>\n<meta name=\"twitter:card\" content=\"summary_large_image\" \/>\n<meta name=\"twitter:label1\" content=\"Tiempo de lectura\" \/>\n\t<meta name=\"twitter:data1\" content=\"1 minuto\" \/>\n<script type=\"application\/ld+json\" class=\"yoast-schema-graph\">{\"@context\":\"https:\\\/\\\/schema.org\",\"@graph\":[{\"@type\":\"WebPage\",\"@id\":\"https:\\\/\\\/www.itic.cl\\\/wp\\\/producto\\\/pago-luis-felipe-bravo\\\/\",\"url\":\"https:\\\/\\\/www.itic.cl\\\/wp\\\/producto\\\/pago-luis-felipe-bravo\\\/\",\"name\":\"Pago Luis Felipe Bravo - Ingenieria en Tecnolog\u00edas de la informaci\u00f3n y Comunicac\u00f3n (ITIC)\",\"isPartOf\":{\"@id\":\"https:\\\/\\\/www.itic.cl\\\/wp\\\/#website\"},\"datePublished\":\"2025-09-11T14:00:34+00:00\",\"breadcrumb\":{\"@id\":\"https:\\\/\\\/www.itic.cl\\\/wp\\\/producto\\\/pago-luis-felipe-bravo\\\/#breadcrumb\"},\"inLanguage\":\"es\",\"potentialAction\":[{\"@type\":\"ReadAction\",\"target\":[\"https:\\\/\\\/www.itic.cl\\\/wp\\\/producto\\\/pago-luis-felipe-bravo\\\/\"]}]},{\"@type\":\"BreadcrumbList\",\"@id\":\"https:\\\/\\\/www.itic.cl\\\/wp\\\/producto\\\/pago-luis-felipe-bravo\\\/#breadcrumb\",\"itemListElement\":[{\"@type\":\"ListItem\",\"position\":1,\"name\":\"Portada\",\"item\":\"https:\\\/\\\/www.itic.cl\\\/wp\\\/\"},{\"@type\":\"ListItem\",\"position\":2,\"name\":\"Tienda\",\"item\":\"https:\\\/\\\/www.itic.cl\\\/wp\\\/tienda\\\/\"},{\"@type\":\"ListItem\",\"position\":3,\"name\":\"Pago Luis Felipe Bravo\"}]},{\"@type\":\"WebSite\",\"@id\":\"https:\\\/\\\/www.itic.cl\\\/wp\\\/#website\",\"url\":\"https:\\\/\\\/www.itic.cl\\\/wp\\\/\",\"name\":\"Ingenieria en Tecnolog\u00edas de la informaci\u00f3n y Comunicac\u00f3n (ITIC)\",\"description\":\"\",\"publisher\":{\"@id\":\"https:\\\/\\\/www.itic.cl\\\/wp\\\/#organization\"},\"potentialAction\":[{\"@type\":\"SearchAction\",\"target\":{\"@type\":\"EntryPoint\",\"urlTemplate\":\"https:\\\/\\\/www.itic.cl\\\/wp\\\/?s={search_term_string}\"},\"query-input\":{\"@type\":\"PropertyValueSpecification\",\"valueRequired\":true,\"valueName\":\"search_term_string\"}}],\"inLanguage\":\"es\"},{\"@type\":\"Organization\",\"@id\":\"https:\\\/\\\/www.itic.cl\\\/wp\\\/#organization\",\"name\":\"ITIC\",\"url\":\"https:\\\/\\\/www.itic.cl\\\/wp\\\/\",\"logo\":{\"@type\":\"ImageObject\",\"inLanguage\":\"es\",\"@id\":\"https:\\\/\\\/www.itic.cl\\\/wp\\\/#\\\/schema\\\/logo\\\/image\\\/\",\"url\":\"https:\\\/\\\/www.itic.cl\\\/wp\\\/wp-content\\\/uploads\\\/2020\\\/07\\\/logo-ITIC-03.png\",\"contentUrl\":\"https:\\\/\\\/www.itic.cl\\\/wp\\\/wp-content\\\/uploads\\\/2020\\\/07\\\/logo-ITIC-03.png\",\"width\":471,\"height\":258,\"caption\":\"ITIC\"},\"image\":{\"@id\":\"https:\\\/\\\/www.itic.cl\\\/wp\\\/#\\\/schema\\\/logo\\\/image\\\/\"},\"sameAs\":[\"https:\\\/\\\/www.facebook.com\\\/profile.php?id=100012281857379\"]}]}<\/script>\n<!-- \/ Yoast SEO plugin. -->","yoast_head_json":{"title":"Pago Luis Felipe Bravo - Ingenieria en Tecnolog\u00edas de la informaci\u00f3n y Comunicac\u00f3n (ITIC)","robots":{"index":"index","follow":"follow","max-snippet":"max-snippet:-1","max-image-preview":"max-image-preview:large","max-video-preview":"max-video-preview:-1"},"canonical":"https:\/\/www.itic.cl\/wp\/producto\/pago-luis-felipe-bravo\/","og_locale":"es_ES","og_type":"article","og_title":"Pago Luis Felipe Bravo - Ingenieria en Tecnolog\u00edas de la informaci\u00f3n y Comunicac\u00f3n (ITIC)","og_description":"Pago Luis Felipe Bravo","og_url":"https:\/\/www.itic.cl\/wp\/producto\/pago-luis-felipe-bravo\/","og_site_name":"Ingenieria en Tecnolog\u00edas de la informaci\u00f3n y Comunicac\u00f3n (ITIC)","article_publisher":"https:\/\/www.facebook.com\/profile.php?id=100012281857379","twitter_card":"summary_large_image","twitter_misc":{"Tiempo de lectura":"1 minuto"},"schema":{"@context":"https:\/\/schema.org","@graph":[{"@type":"WebPage","@id":"https:\/\/www.itic.cl\/wp\/producto\/pago-luis-felipe-bravo\/","url":"https:\/\/www.itic.cl\/wp\/producto\/pago-luis-felipe-bravo\/","name":"Pago Luis Felipe Bravo - Ingenieria en Tecnolog\u00edas de la informaci\u00f3n y Comunicac\u00f3n (ITIC)","isPartOf":{"@id":"https:\/\/www.itic.cl\/wp\/#website"},"datePublished":"2025-09-11T14:00:34+00:00","breadcrumb":{"@id":"https:\/\/www.itic.cl\/wp\/producto\/pago-luis-felipe-bravo\/#breadcrumb"},"inLanguage":"es","potentialAction":[{"@type":"ReadAction","target":["https:\/\/www.itic.cl\/wp\/producto\/pago-luis-felipe-bravo\/"]}]},{"@type":"BreadcrumbList","@id":"https:\/\/www.itic.cl\/wp\/producto\/pago-luis-felipe-bravo\/#breadcrumb","itemListElement":[{"@type":"ListItem","position":1,"name":"Portada","item":"https:\/\/www.itic.cl\/wp\/"},{"@type":"ListItem","position":2,"name":"Tienda","item":"https:\/\/www.itic.cl\/wp\/tienda\/"},{"@type":"ListItem","position":3,"name":"Pago Luis Felipe Bravo"}]},{"@type":"WebSite","@id":"https:\/\/www.itic.cl\/wp\/#website","url":"https:\/\/www.itic.cl\/wp\/","name":"Ingenieria en Tecnolog\u00edas de la informaci\u00f3n y Comunicac\u00f3n (ITIC)","description":"","publisher":{"@id":"https:\/\/www.itic.cl\/wp\/#organization"},"potentialAction":[{"@type":"SearchAction","target":{"@type":"EntryPoint","urlTemplate":"https:\/\/www.itic.cl\/wp\/?s={search_term_string}"},"query-input":{"@type":"PropertyValueSpecification","valueRequired":true,"valueName":"search_term_string"}}],"inLanguage":"es"},{"@type":"Organization","@id":"https:\/\/www.itic.cl\/wp\/#organization","name":"ITIC","url":"https:\/\/www.itic.cl\/wp\/","logo":{"@type":"ImageObject","inLanguage":"es","@id":"https:\/\/www.itic.cl\/wp\/#\/schema\/logo\/image\/","url":"https:\/\/www.itic.cl\/wp\/wp-content\/uploads\/2020\/07\/logo-ITIC-03.png","contentUrl":"https:\/\/www.itic.cl\/wp\/wp-content\/uploads\/2020\/07\/logo-ITIC-03.png","width":471,"height":258,"caption":"ITIC"},"image":{"@id":"https:\/\/www.itic.cl\/wp\/#\/schema\/logo\/image\/"},"sameAs":["https:\/\/www.facebook.com\/profile.php?id=100012281857379"]}]}},"jetpack_sharing_enabled":true,"_links":{"self":[{"href":"https:\/\/www.itic.cl\/wp\/wp-json\/wp\/v2\/product\/1503","targetHints":{"allow":["GET"]}}],"collection":[{"href":"https:\/\/www.itic.cl\/wp\/wp-json\/wp\/v2\/product"}],"about":[{"href":"https:\/\/www.itic.cl\/wp\/wp-json\/wp\/v2\/types\/product"}],"replies":[{"embeddable":true,"href":"https:\/\/www.itic.cl\/wp\/wp-json\/wp\/v2\/comments?post=1503"}],"wp:attachment":[{"href":"https:\/\/www.itic.cl\/wp\/wp-json\/wp\/v2\/media?parent=1503"}],"wp:term":[{"taxonomy":"product_brand","embeddable":true,"href":"https:\/\/www.itic.cl\/wp\/wp-json\/wp\/v2\/product_brand?post=1503"},{"taxonomy":"product_cat","embeddable":true,"href":"https:\/\/www.itic.cl\/wp\/wp-json\/wp\/v2\/product_cat?post=1503"},{"taxonomy":"product_tag","embeddable":true,"href":"https:\/\/www.itic.cl\/wp\/wp-json\/wp\/v2\/product_tag?post=1503"}],"curies":[{"name":"wp","href":"https:\/\/api.w.org\/{rel}","templated":true}]}}