{"id":1119,"date":"2021-08-13T11:03:34","date_gmt":"2021-08-13T15:03:34","guid":{"rendered":"https:\/\/www.itic.cl\/wp\/?page_id=1119"},"modified":"2021-08-13T11:19:45","modified_gmt":"2021-08-13T15:19:45","slug":"pagos","status":"publish","type":"page","link":"https:\/\/www.itic.cl\/wp\/pagos\/","title":{"rendered":"pagos"},"content":{"rendered":"\t\t<div data-elementor-type=\"wp-page\" data-elementor-id=\"1119\" class=\"elementor elementor-1119\">\n\t\t\t\t\t\t<section class=\"elementor-section elementor-top-section elementor-element elementor-element-5ee65cc elementor-section-boxed elementor-section-height-default elementor-section-height-default\" data-id=\"5ee65cc\" data-element_type=\"section\" data-e-type=\"section\">\n\t\t\t\t\t\t<div class=\"elementor-container elementor-column-gap-default\">\n\t\t\t\t\t<div class=\"elementor-column elementor-col-100 elementor-top-column elementor-element elementor-element-3fe1fd9\" data-id=\"3fe1fd9\" data-element_type=\"column\" data-e-type=\"column\">\n\t\t\t<div class=\"elementor-widget-wrap elementor-element-populated\">\n\t\t\t\t\t\t<div class=\"elementor-element elementor-element-83bcba7 elementor-widget elementor-widget-text-editor\" data-id=\"83bcba7\" data-element_type=\"widget\" data-e-type=\"widget\" data-widget_type=\"text-editor.default\">\n\t\t\t\t<div class=\"elementor-widget-container\">\n\t\t\t\t\t\t\t\t\t<p style=\"text-align: center;\"><span style=\"color: #000000;\"><strong>Datos para transferencia bancaria. Empresas ITIC<\/strong><\/span><\/p>\t\t\t\t\t\t\t\t<\/div>\n\t\t\t\t<\/div>\n\t\t\t\t\t<\/div>\n\t\t<\/div>\n\t\t\t\t\t<\/div>\n\t\t<\/section>\n\t\t\t\t<section class=\"elementor-section elementor-top-section elementor-element elementor-element-7e3bc69f elementor-section-boxed elementor-section-height-default elementor-section-height-default\" data-id=\"7e3bc69f\" data-element_type=\"section\" data-e-type=\"section\">\n\t\t\t\t\t\t<div class=\"elementor-container elementor-column-gap-default\">\n\t\t\t\t\t<div class=\"elementor-column elementor-col-100 elementor-top-column elementor-element elementor-element-7c9f1731\" data-id=\"7c9f1731\" data-element_type=\"column\" data-e-type=\"column\">\n\t\t\t<div class=\"elementor-widget-wrap elementor-element-populated\">\n\t\t\t\t\t\t<div class=\"elementor-element elementor-element-1a1d771c elementor-widget elementor-widget-text-editor\" data-id=\"1a1d771c\" data-element_type=\"widget\" data-e-type=\"widget\" data-widget_type=\"text-editor.default\">\n\t\t\t\t<div class=\"elementor-widget-container\">\n\t\t\t\t\t\t\t\t\t\n<p style=\"text-align: center;\"><span style=\"color: #000000;\"><strong>TRANSFERENCIA BANCARIA.<\/strong><\/span><\/p>\n<p><span style=\"color: #000000;\"><strong><\/strong><\/span><\/p>\n<p><span style=\"color: #000000;\"><strong>N\u00famero de cuenta\u00a0\u00a0\u00a0\u00a0\u00a0\u00a0\u00a0\u00a0\u00a0 : 352 7136 7358<\/strong><\/span><\/p>\n<p><span style=\"color: #000000;\"><strong><\/strong><\/span><\/p>\n<p><span style=\"color: #000000;\"><strong>Tipo de cuenta\u00a0\u00a0\u00a0\u00a0\u00a0\u00a0\u00a0\u00a0\u00a0\u00a0\u00a0\u00a0\u00a0\u00a0\u00a0\u00a0 : Cuenta Vista<\/strong><\/span><\/p>\n<p><span style=\"color: #000000;\"><strong><\/strong><\/span><\/p>\n<p><span style=\"color: #000000;\"><strong>Banco \u00a0\u00a0\u00a0\u00a0\u00a0\u00a0\u00a0\u00a0\u00a0\u00a0\u00a0\u00a0\u00a0\u00a0\u00a0\u00a0\u00a0\u00a0\u00a0\u00a0\u00a0\u00a0\u00a0\u00a0\u00a0\u00a0\u00a0\u00a0\u00a0\u00a0\u00a0 : Banco Estado<\/strong><\/span><\/p>\n<p><span style=\"color: #000000;\"><strong><\/strong><\/span><\/p>\n<p><span style=\"color: #000000;\"><strong>Titular \u00a0\u00a0\u00a0\u00a0\u00a0\u00a0\u00a0\u00a0\u00a0\u00a0\u00a0\u00a0\u00a0\u00a0\u00a0\u00a0\u00a0\u00a0\u00a0\u00a0\u00a0\u00a0\u00a0\u00a0\u00a0\u00a0\u00a0\u00a0\u00a0\u00a0 : ITIC SPA<\/strong><\/span><\/p>\n<p><span style=\"color: #000000;\"><strong><\/strong><\/span><\/p>\n<p><span style=\"color: #000000;\"><strong>Rut\u00a0\u00a0\u00a0\u00a0\u00a0\u00a0\u00a0\u00a0\u00a0\u00a0\u00a0\u00a0\u00a0\u00a0\u00a0\u00a0\u00a0\u00a0\u00a0\u00a0\u00a0\u00a0\u00a0\u00a0\u00a0\u00a0\u00a0\u00a0\u00a0\u00a0\u00a0\u00a0\u00a0\u00a0\u00a0\u00a0\u00a0 : 77.149.043-3<\/strong><\/span><\/p>\n<p><span style=\"color: #000000;\"><strong><\/strong><\/span><\/p>\n<p><span style=\"color: #000000;\"><strong>Correo electr\u00f3nico \u00a0\u00a0\u00a0\u00a0\u00a0\u00a0\u00a0\u00a0 : <\/strong><\/span><a href=\"mailto:pagos@itic.cl\"><span style=\"color: #000000;\"><strong>pagos@itic.cl<\/strong><\/span><\/a><\/p>\n\t\t\t\t\t\t\t\t<\/div>\n\t\t\t\t<\/div>\n\t\t\t\t\t<\/div>\n\t\t<\/div>\n\t\t\t\t\t<\/div>\n\t\t<\/section>\n\t\t\t\t<\/div>\n\t\t","protected":false},"excerpt":{"rendered":"<p>Datos para transferencia bancaria. Empresas ITIC TRANSFERENCIA BANCARIA. N\u00famero de cuenta\u00a0\u00a0\u00a0\u00a0\u00a0\u00a0\u00a0\u00a0\u00a0 : 352 7136 7358 Tipo de cuenta\u00a0\u00a0\u00a0\u00a0\u00a0\u00a0\u00a0\u00a0\u00a0\u00a0\u00a0\u00a0\u00a0\u00a0\u00a0\u00a0 : Cuenta Vista Banco \u00a0\u00a0\u00a0\u00a0\u00a0\u00a0\u00a0\u00a0\u00a0\u00a0\u00a0\u00a0\u00a0\u00a0\u00a0\u00a0\u00a0\u00a0\u00a0\u00a0\u00a0\u00a0\u00a0\u00a0\u00a0\u00a0\u00a0\u00a0\u00a0\u00a0\u00a0 : Banco Estado Titular \u00a0\u00a0\u00a0\u00a0\u00a0\u00a0\u00a0\u00a0\u00a0\u00a0\u00a0\u00a0\u00a0\u00a0\u00a0\u00a0\u00a0\u00a0\u00a0\u00a0\u00a0\u00a0\u00a0\u00a0\u00a0\u00a0\u00a0\u00a0\u00a0\u00a0 : ITIC SPA Rut\u00a0\u00a0\u00a0\u00a0\u00a0\u00a0\u00a0\u00a0\u00a0\u00a0\u00a0\u00a0\u00a0\u00a0\u00a0\u00a0\u00a0\u00a0\u00a0\u00a0\u00a0\u00a0\u00a0\u00a0\u00a0\u00a0\u00a0\u00a0\u00a0\u00a0\u00a0\u00a0\u00a0\u00a0\u00a0\u00a0\u00a0 : 77.149.043-3 Correo electr\u00f3nico \u00a0\u00a0\u00a0\u00a0\u00a0\u00a0\u00a0\u00a0 : pagos@itic.cl<\/p>\n","protected":false},"author":1,"featured_media":0,"parent":0,"menu_order":0,"comment_status":"closed","ping_status":"closed","template":"","meta":{"footnotes":""},"class_list":["post-1119","page","type-page","status-publish","hentry"],"yoast_head":"<!-- This site is optimized with the Yoast SEO plugin v27.5 - https:\/\/yoast.com\/product\/yoast-seo-wordpress\/ -->\n<title>pagos - Ingenieria en Tecnolog\u00edas de la informaci\u00f3n y Comunicac\u00f3n (ITIC)<\/title>\n<meta name=\"robots\" content=\"index, follow, max-snippet:-1, max-image-preview:large, max-video-preview:-1\" \/>\n<link rel=\"canonical\" href=\"https:\/\/www.itic.cl\/wp\/pagos\/\" \/>\n<meta property=\"og:locale\" content=\"es_ES\" \/>\n<meta property=\"og:type\" content=\"article\" \/>\n<meta property=\"og:title\" content=\"pagos - Ingenieria en Tecnolog\u00edas de la informaci\u00f3n y Comunicac\u00f3n (ITIC)\" \/>\n<meta property=\"og:description\" content=\"Datos para transferencia bancaria. Empresas ITIC TRANSFERENCIA BANCARIA. N\u00famero de cuenta\u00a0\u00a0\u00a0\u00a0\u00a0\u00a0\u00a0\u00a0\u00a0 : 352 7136 7358 Tipo de cuenta\u00a0\u00a0\u00a0\u00a0\u00a0\u00a0\u00a0\u00a0\u00a0\u00a0\u00a0\u00a0\u00a0\u00a0\u00a0\u00a0 : Cuenta Vista Banco \u00a0\u00a0\u00a0\u00a0\u00a0\u00a0\u00a0\u00a0\u00a0\u00a0\u00a0\u00a0\u00a0\u00a0\u00a0\u00a0\u00a0\u00a0\u00a0\u00a0\u00a0\u00a0\u00a0\u00a0\u00a0\u00a0\u00a0\u00a0\u00a0\u00a0\u00a0 : Banco Estado Titular \u00a0\u00a0\u00a0\u00a0\u00a0\u00a0\u00a0\u00a0\u00a0\u00a0\u00a0\u00a0\u00a0\u00a0\u00a0\u00a0\u00a0\u00a0\u00a0\u00a0\u00a0\u00a0\u00a0\u00a0\u00a0\u00a0\u00a0\u00a0\u00a0\u00a0 : ITIC SPA Rut\u00a0\u00a0\u00a0\u00a0\u00a0\u00a0\u00a0\u00a0\u00a0\u00a0\u00a0\u00a0\u00a0\u00a0\u00a0\u00a0\u00a0\u00a0\u00a0\u00a0\u00a0\u00a0\u00a0\u00a0\u00a0\u00a0\u00a0\u00a0\u00a0\u00a0\u00a0\u00a0\u00a0\u00a0\u00a0\u00a0\u00a0 : 77.149.043-3 Correo electr\u00f3nico \u00a0\u00a0\u00a0\u00a0\u00a0\u00a0\u00a0\u00a0 : pagos@itic.cl\" \/>\n<meta property=\"og:url\" content=\"https:\/\/www.itic.cl\/wp\/pagos\/\" \/>\n<meta property=\"og:site_name\" content=\"Ingenieria en Tecnolog\u00edas de la informaci\u00f3n y Comunicac\u00f3n (ITIC)\" \/>\n<meta property=\"article:publisher\" content=\"https:\/\/www.facebook.com\/profile.php?id=100012281857379\" \/>\n<meta property=\"article:modified_time\" content=\"2021-08-13T15:19:45+00:00\" \/>\n<meta name=\"twitter:card\" content=\"summary_large_image\" \/>\n<meta name=\"twitter:label1\" content=\"Tiempo de lectura\" \/>\n\t<meta name=\"twitter:data1\" content=\"1 minuto\" \/>\n<script type=\"application\/ld+json\" class=\"yoast-schema-graph\">{\"@context\":\"https:\\\/\\\/schema.org\",\"@graph\":[{\"@type\":\"WebPage\",\"@id\":\"https:\\\/\\\/www.itic.cl\\\/wp\\\/pagos\\\/\",\"url\":\"https:\\\/\\\/www.itic.cl\\\/wp\\\/pagos\\\/\",\"name\":\"pagos - Ingenieria en Tecnolog\u00edas de la informaci\u00f3n y Comunicac\u00f3n (ITIC)\",\"isPartOf\":{\"@id\":\"https:\\\/\\\/www.itic.cl\\\/wp\\\/#website\"},\"datePublished\":\"2021-08-13T15:03:34+00:00\",\"dateModified\":\"2021-08-13T15:19:45+00:00\",\"breadcrumb\":{\"@id\":\"https:\\\/\\\/www.itic.cl\\\/wp\\\/pagos\\\/#breadcrumb\"},\"inLanguage\":\"es\",\"potentialAction\":[{\"@type\":\"ReadAction\",\"target\":[\"https:\\\/\\\/www.itic.cl\\\/wp\\\/pagos\\\/\"]}]},{\"@type\":\"BreadcrumbList\",\"@id\":\"https:\\\/\\\/www.itic.cl\\\/wp\\\/pagos\\\/#breadcrumb\",\"itemListElement\":[{\"@type\":\"ListItem\",\"position\":1,\"name\":\"Portada\",\"item\":\"https:\\\/\\\/www.itic.cl\\\/wp\\\/\"},{\"@type\":\"ListItem\",\"position\":2,\"name\":\"pagos\"}]},{\"@type\":\"WebSite\",\"@id\":\"https:\\\/\\\/www.itic.cl\\\/wp\\\/#website\",\"url\":\"https:\\\/\\\/www.itic.cl\\\/wp\\\/\",\"name\":\"Ingenieria en Tecnolog\u00edas de la informaci\u00f3n y Comunicac\u00f3n (ITIC)\",\"description\":\"\",\"publisher\":{\"@id\":\"https:\\\/\\\/www.itic.cl\\\/wp\\\/#organization\"},\"potentialAction\":[{\"@type\":\"SearchAction\",\"target\":{\"@type\":\"EntryPoint\",\"urlTemplate\":\"https:\\\/\\\/www.itic.cl\\\/wp\\\/?s={search_term_string}\"},\"query-input\":{\"@type\":\"PropertyValueSpecification\",\"valueRequired\":true,\"valueName\":\"search_term_string\"}}],\"inLanguage\":\"es\"},{\"@type\":\"Organization\",\"@id\":\"https:\\\/\\\/www.itic.cl\\\/wp\\\/#organization\",\"name\":\"ITIC\",\"url\":\"https:\\\/\\\/www.itic.cl\\\/wp\\\/\",\"logo\":{\"@type\":\"ImageObject\",\"inLanguage\":\"es\",\"@id\":\"https:\\\/\\\/www.itic.cl\\\/wp\\\/#\\\/schema\\\/logo\\\/image\\\/\",\"url\":\"https:\\\/\\\/www.itic.cl\\\/wp\\\/wp-content\\\/uploads\\\/2020\\\/07\\\/logo-ITIC-03.png\",\"contentUrl\":\"https:\\\/\\\/www.itic.cl\\\/wp\\\/wp-content\\\/uploads\\\/2020\\\/07\\\/logo-ITIC-03.png\",\"width\":471,\"height\":258,\"caption\":\"ITIC\"},\"image\":{\"@id\":\"https:\\\/\\\/www.itic.cl\\\/wp\\\/#\\\/schema\\\/logo\\\/image\\\/\"},\"sameAs\":[\"https:\\\/\\\/www.facebook.com\\\/profile.php?id=100012281857379\"]}]}<\/script>\n<!-- \/ Yoast SEO plugin. -->","yoast_head_json":{"title":"pagos - Ingenieria en Tecnolog\u00edas de la informaci\u00f3n y Comunicac\u00f3n (ITIC)","robots":{"index":"index","follow":"follow","max-snippet":"max-snippet:-1","max-image-preview":"max-image-preview:large","max-video-preview":"max-video-preview:-1"},"canonical":"https:\/\/www.itic.cl\/wp\/pagos\/","og_locale":"es_ES","og_type":"article","og_title":"pagos - Ingenieria en Tecnolog\u00edas de la informaci\u00f3n y Comunicac\u00f3n (ITIC)","og_description":"Datos para transferencia bancaria. Empresas ITIC TRANSFERENCIA BANCARIA. N\u00famero de cuenta\u00a0\u00a0\u00a0\u00a0\u00a0\u00a0\u00a0\u00a0\u00a0 : 352 7136 7358 Tipo de cuenta\u00a0\u00a0\u00a0\u00a0\u00a0\u00a0\u00a0\u00a0\u00a0\u00a0\u00a0\u00a0\u00a0\u00a0\u00a0\u00a0 : Cuenta Vista Banco \u00a0\u00a0\u00a0\u00a0\u00a0\u00a0\u00a0\u00a0\u00a0\u00a0\u00a0\u00a0\u00a0\u00a0\u00a0\u00a0\u00a0\u00a0\u00a0\u00a0\u00a0\u00a0\u00a0\u00a0\u00a0\u00a0\u00a0\u00a0\u00a0\u00a0\u00a0 : Banco Estado Titular \u00a0\u00a0\u00a0\u00a0\u00a0\u00a0\u00a0\u00a0\u00a0\u00a0\u00a0\u00a0\u00a0\u00a0\u00a0\u00a0\u00a0\u00a0\u00a0\u00a0\u00a0\u00a0\u00a0\u00a0\u00a0\u00a0\u00a0\u00a0\u00a0\u00a0 : ITIC SPA Rut\u00a0\u00a0\u00a0\u00a0\u00a0\u00a0\u00a0\u00a0\u00a0\u00a0\u00a0\u00a0\u00a0\u00a0\u00a0\u00a0\u00a0\u00a0\u00a0\u00a0\u00a0\u00a0\u00a0\u00a0\u00a0\u00a0\u00a0\u00a0\u00a0\u00a0\u00a0\u00a0\u00a0\u00a0\u00a0\u00a0\u00a0 : 77.149.043-3 Correo electr\u00f3nico \u00a0\u00a0\u00a0\u00a0\u00a0\u00a0\u00a0\u00a0 : pagos@itic.cl","og_url":"https:\/\/www.itic.cl\/wp\/pagos\/","og_site_name":"Ingenieria en Tecnolog\u00edas de la informaci\u00f3n y Comunicac\u00f3n (ITIC)","article_publisher":"https:\/\/www.facebook.com\/profile.php?id=100012281857379","article_modified_time":"2021-08-13T15:19:45+00:00","twitter_card":"summary_large_image","twitter_misc":{"Tiempo de lectura":"1 minuto"},"schema":{"@context":"https:\/\/schema.org","@graph":[{"@type":"WebPage","@id":"https:\/\/www.itic.cl\/wp\/pagos\/","url":"https:\/\/www.itic.cl\/wp\/pagos\/","name":"pagos - Ingenieria en Tecnolog\u00edas de la informaci\u00f3n y Comunicac\u00f3n (ITIC)","isPartOf":{"@id":"https:\/\/www.itic.cl\/wp\/#website"},"datePublished":"2021-08-13T15:03:34+00:00","dateModified":"2021-08-13T15:19:45+00:00","breadcrumb":{"@id":"https:\/\/www.itic.cl\/wp\/pagos\/#breadcrumb"},"inLanguage":"es","potentialAction":[{"@type":"ReadAction","target":["https:\/\/www.itic.cl\/wp\/pagos\/"]}]},{"@type":"BreadcrumbList","@id":"https:\/\/www.itic.cl\/wp\/pagos\/#breadcrumb","itemListElement":[{"@type":"ListItem","position":1,"name":"Portada","item":"https:\/\/www.itic.cl\/wp\/"},{"@type":"ListItem","position":2,"name":"pagos"}]},{"@type":"WebSite","@id":"https:\/\/www.itic.cl\/wp\/#website","url":"https:\/\/www.itic.cl\/wp\/","name":"Ingenieria en Tecnolog\u00edas de la informaci\u00f3n y Comunicac\u00f3n (ITIC)","description":"","publisher":{"@id":"https:\/\/www.itic.cl\/wp\/#organization"},"potentialAction":[{"@type":"SearchAction","target":{"@type":"EntryPoint","urlTemplate":"https:\/\/www.itic.cl\/wp\/?s={search_term_string}"},"query-input":{"@type":"PropertyValueSpecification","valueRequired":true,"valueName":"search_term_string"}}],"inLanguage":"es"},{"@type":"Organization","@id":"https:\/\/www.itic.cl\/wp\/#organization","name":"ITIC","url":"https:\/\/www.itic.cl\/wp\/","logo":{"@type":"ImageObject","inLanguage":"es","@id":"https:\/\/www.itic.cl\/wp\/#\/schema\/logo\/image\/","url":"https:\/\/www.itic.cl\/wp\/wp-content\/uploads\/2020\/07\/logo-ITIC-03.png","contentUrl":"https:\/\/www.itic.cl\/wp\/wp-content\/uploads\/2020\/07\/logo-ITIC-03.png","width":471,"height":258,"caption":"ITIC"},"image":{"@id":"https:\/\/www.itic.cl\/wp\/#\/schema\/logo\/image\/"},"sameAs":["https:\/\/www.facebook.com\/profile.php?id=100012281857379"]}]}},"jetpack_sharing_enabled":true,"_links":{"self":[{"href":"https:\/\/www.itic.cl\/wp\/wp-json\/wp\/v2\/pages\/1119","targetHints":{"allow":["GET"]}}],"collection":[{"href":"https:\/\/www.itic.cl\/wp\/wp-json\/wp\/v2\/pages"}],"about":[{"href":"https:\/\/www.itic.cl\/wp\/wp-json\/wp\/v2\/types\/page"}],"author":[{"embeddable":true,"href":"https:\/\/www.itic.cl\/wp\/wp-json\/wp\/v2\/users\/1"}],"replies":[{"embeddable":true,"href":"https:\/\/www.itic.cl\/wp\/wp-json\/wp\/v2\/comments?post=1119"}],"version-history":[{"count":7,"href":"https:\/\/www.itic.cl\/wp\/wp-json\/wp\/v2\/pages\/1119\/revisions"}],"predecessor-version":[{"id":1130,"href":"https:\/\/www.itic.cl\/wp\/wp-json\/wp\/v2\/pages\/1119\/revisions\/1130"}],"wp:attachment":[{"href":"https:\/\/www.itic.cl\/wp\/wp-json\/wp\/v2\/media?parent=1119"}],"curies":[{"name":"wp","href":"https:\/\/api.w.org\/{rel}","templated":true}]}}